{"id":113,"date":"2023-02-10T17:16:20","date_gmt":"2023-02-10T16:16:20","guid":{"rendered":"https:\/\/scc.oldenworx.de\/?page_id=113"},"modified":"2023-02-10T17:17:52","modified_gmt":"2023-02-10T16:17:52","slug":"agb","status":"publish","type":"page","link":"https:\/\/scc-scp.de\/index.php\/agb\/","title":{"rendered":"AGB"},"content":{"rendered":"<div class=\"flex_column av_one_full  flex_column_div av-zero-column-padding first  avia-builder-el-0  avia-builder-el-no-sibling  \" style='border-radius:0px; '><section class=\"av_textblock_section \"  itemscope=\"itemscope\" itemtype=\"https:\/\/schema.org\/CreativeWork\" ><div class='avia_textblock  '   itemprop=\"text\" ><p>\u00a7 1 Geltungsbereich<br \/>\n(1) Diese Nutzungsbedingungen der OldenworX GmbH, Im Kleigrund 18 26135 Oldenburg (im Folgenden \u201eOLDENWORX GMBH\u201c genannt), gelten f\u00fcr alle Vertr\u00e4ge \u00fcber Lieferungen und Leistungen, die Sie \u00fcber die Internetseiten von OLDENWORX GMBH \u2013 insbesondere \u00fcber www.scc-scp.de \u2013 abschlie\u00dfen.<br \/>\n(2) \u00dcber www.scc-scp.de bietet Ihnen OLDENWORX GMBH mittels eines Lernmanagement-Systems Lernmaterialien (im Folgenden \u201eOLDENWORX GMBH-Materialien\u201c genannt) f\u00fcr die ausschlie\u00dfliche pers\u00f6nliche Nutzung an.<br \/>\n(3) Falls Sie irgendeine Frage bez\u00fcglich dieser Nutzungsbedingungen haben, nehmen Sie bitte Kontakt auf mit:<br \/>\nOldenworX GmbH<br \/>\nIm Kleigrund 18<br \/>\n26135 Oldenburg<br \/>\n+49 441 350 125-0<br \/>\ninfo@oldenworx.de<br \/>\n(4) Entgegenstehende Allgemeine Gesch\u00e4ftsbedingungen werden zur\u00fcckgewiesen. Sie kommen auch nicht zur Anwendung, wenn sie Allgemeinen Gesch\u00e4ftsbedingungen von OLDENWORX GMBH nicht oder nur teilweise widersprechen.<br \/>\n\u00a7 2 Urheberrechte<br \/>\nBitte beachten Sie, dass das Dienstangebot der OLDENWORX GMBH Informationen, Texte, Software, Bilder, Videos, Grafiken, Sound und andere Materialien enth\u00e4lt, die durch Urheber-, Marken- oder Patentrechte gesch\u00fctzt sind, und dass s\u00e4mtliche Urheber- und Verwertungsrechte ausschlie\u00dflich OLDENWORX GMBH oder ihre Projektpartner innehaben.<br \/>\n\u00a7 3 Vertragsgegenstand, Verwendung der OLDENWORX GMBH-Materialien<br \/>\n(1) Durch die vollst\u00e4ndige Zahlung des vereinbarten Entgelts erwerben Sie die Berechtigung, \u00fcber einen Zeitraum von maximal zw\u00f6lf Monaten den Online-Kurs auf www.scc-scp.de zu nutzen. Nach erfolgreich bestandener Pr\u00fcfung \u00fcbersenden wir Ihnen ein SCC-Zertifikat. Nach Ablauf der zw\u00f6lf Monate oder \u2013 soweit dies vor Ablauf von zw\u00f6lf Monaten eintritt \u2013 mit Ihrem Bestehen der Pr\u00fcfung erlischt das Nutzungsrecht.<br \/>\n(2) Die Best\u00e4tigung der Zertifizierung erfolgt durch Dipl. Ing. Andreas Roccor, Fachkraft f\u00fcr Arbeitsicherheit, Fliederweg 28, 26919 Brake.<br \/>\n(3) Grundlage f\u00fcr die Berechnung des Entgeltes ist die zum Zeitpunkt des Vertragsabschlusses g\u00fcltige Preisliste.<br \/>\n(4) Die Nutzungsberechtigung bzgl. des Online-Kurses umfasst im Einzelnen:<br \/>\n\u2022 Ihren Zugang zum vertragsgegenst\u00e4ndlichen Kurs, nachdem OLDENWORX GMBH Ihnen einen entsprechenden Zugangscode zur Verf\u00fcgung gestellt hat,<br \/>\n\u2022 das Abrufen (online) der gebuchten Lerninhalte auf einem von Ihnen bereit zu stellenden datenverarbeitenden Ger\u00e4t (z. B. Computer) zu Lernzwecken;<br \/>\n\u2022 das Bearbeiten der durch das Lernprogramm vorgegebenen Fragen und Pr\u00fcfungen innerhalb des Programms und die Teilnahmem\u00f6glichkeit an einer Abschlusspr\u00fcfung;<br \/>\n\u2022 das Herstellen von Kopien, Ausdrucken (ausschlie\u00dflich Schriftst\u00fccke z. B. PDF-Vorlagen) zu Lernzwecken, soweit dies f\u00fcr den Nutzer f\u00fcr das Erreichen des Lernerfolges notwendig ist.<br \/>\n(5) Das Nutzungsrecht am Kursangebot von OLDENWORX GMBH ist nicht \u00fcbertragbar und Ihnen allein zugestanden. Sie sind berechtigt, die OLDENWORX GMBH-Materialien zu nutzen, anzuzeigen, neu zu formatieren, herabzuladen und auszudrucken. Dieses Recht bezieht sich nur auf den pers\u00f6nlichen und nicht-kommerziellen Gebrauch.<br \/>\n(6) Sie verpflichten sich, OLDENWORX GMBH-Materialien ohne ausdr\u00fcckliche Genehmigung von OLDENWORX GMBH nicht f\u00fcr andere Zwecke zu vervielf\u00e4ltigen, zu nutzen, zu verkaufen, zu \u00fcbertragen, zu publizieren oder anderweitig (OLDENWORX GMBH-extern) zur Verf\u00fcgung zu stellen.<br \/>\n(7) Bei jeglicher Verwendung von OLDENWORX GMBH-Materialien verpflichten Sie sich, die Herkunft durch einen korrekten Quellenvermerk kenntlich zu machen.<br \/>\n(8) Die Verwendung von OLDENWORX GMBH-Materialien im Zusammenhang mit Postings an Newsgruppen, Mailinglisten und elektronischen schwarzen Brettern ist untersagt.<br \/>\n(9) Sie sind nicht berechtigt, die dem jeweiligen Online-Kurs zugrunde liegende Funktionssoftware zur\u00fcck zu entwickeln (Reverse Engineering) oder diese in sonstiger Weise zu ver\u00e4ndern sowie inhaltliche Ver\u00e4nderungen vorzunehmen.<br \/>\n(10) Wenn Sie OLDENWORX GMBH-Materialien f\u00fcr andere Zwecke als die hier aufgef\u00fchrten verwenden wollen, wenden Sie sich bitte an OLDENWORX GMBH.<br \/>\n\u00a7 4 Abrufbarkeit und \u00c4nderungen der Nutzungsbedingungen<br \/>\n(1) Diese Nutzungsbedingungen k\u00f6nnen online im Portal www.scc-scp.de eingesehen werden unter dem Men\u00fcpunkt \u201eNutzungsbedingungen\u201c und bei der Registrierung auf Ihrer Einstiegsseite.<br \/>\n(2) OLDENWORX GMBH ist berechtigt, jeden Abschnitt dieser Nutzungsbedingungen zu jeder Zeit zu \u00e4ndern. \u00c4nderungen werden Ihnen sp\u00e4testens zwei Monate vor dem vorgeschlagenen Zeitpunkt ihres Wirksamwerdens schriftlich oder per E-Mail angeboten. Ihre Zustimmung gilt als erteilt, wenn Sie Ihre Ablehnung nicht vor dem vorgeschlagenen Zeitpunkt des Wirksamwerdens der \u00c4nderungen angezeigt haben. Auf diese Genehmigungswirkung werden wir Sie in unserem Angebot besonders hinweisen. Durch Ihren fortgesetzten Gebrauch des OLDENWORX GMBH-Angebots stimmen Sie der ge\u00e4nderten Vereinbarung zu und sind durch die Bestimmungen der ge\u00e4nderten Vereinbarung gebunden.<br \/>\n\u00a7 5 \u00c4nderung des Angebots<br \/>\n(1) OLDENWORX GMBH kann Teile oder bestimmte Funktionen des Angebots jederzeit \u00e4ndern oder au\u00dfer Kraft setzen, wenn dies aus triftigem Grund erforderlich ist, Sie hierdurch gegen\u00fcber dem vereinbarten Leistungsumfang objektiv nicht schlechter gestellt werden (z. B. Beibehaltung oder Verbesserung von Funktionalit\u00e4ten) und von diesem nicht deutlich abgewichen wird. Ein triftiger Grund liegt vor, wenn es technische Neuerungen auf dem Markt f\u00fcr die geschuldeten Leistungen gibt oder wenn Dritte, von denen OLDENWORX GMBH zur Erbringung ihrer Leistungen notwendige Vorleistungen bezieht, ihr Leistungsangebot \u00e4ndern.<br \/>\n(2) Entsprechend kann OLDENWORX GMBH jederzeit die Nutzung und den Zugang zu den OLDENWORX GMBH-Angeboten sowie die Dauer und den Umfang der Nutzung beschr\u00e4nken. OLDENWORX GMBH ist jedoch bestrebt, Ausfallzeiten m\u00f6glichst kurz zu halten und daf\u00fcr Sorge zu tragen, dass alle Funktionen jederzeit zur Verf\u00fcgung stehen.<br \/>\n\u00a7 6 Technische Voraussetzungen, Registrierung und Zugangskennung<br \/>\n(1) Bitte \u00fcberpr\u00fcfen Sie vor Vertragsschluss, ob Sie \u00fcber alle technischen Voraussetzungen f\u00fcr die Inanspruchnahme der Leistungen verf\u00fcgen. Die Bereitstellung aller f\u00fcr die Nutzung des vertragsgegenst\u00e4ndlichen Online-Kurses erforderlichen Hardware sowie sonstiger technischer Voraussetzungen obliegt ausschlie\u00dflich Ihnen. Insoweit steht OLDENWORX GMBH f\u00fcr etwaige Unzul\u00e4nglichkeiten nicht ein.<br \/>\n(2) Durch Nutzung des OLDENWORX GMBH-Angebots unter den Bedingungen dieser Vereinbarung versichern Sie:<br \/>\ndass Sie Ihre Nutzerkennung und Ihr Passwort niemanden mitteilen werden. Falls irgendeine der Nutzerinformationen wissentlich falsch gegeben werden oder bei \u00c4nderung der Nutzerdaten diese absichtlich nicht korrigiert wird, oder Sie in irgendeiner Weise gegen diese Bestimmungen versto\u00dfen, hat OLDENWORX GMBH das Recht, Ihre Nutzungsberechtigung vorl\u00e4ufig aufzuheben oder zu beenden<br \/>\ndass Sie verantwortlich f\u00fcr jede Nutzung des OLDENWORX GMBH-Angebots sind, die mit Hilfe Ihrer Nutzerkennung und Ihres Passworts ausgef\u00fchrt wird. Sie haben daf\u00fcr Sorge zu tragen, dass Ihre Nutzerkennung und Ihr Passwort vor unautorisiertem Gebrauch gesch\u00fctzt sind. Falls Sie eine missbr\u00e4uchliche Verwendung Ihrer Zugangsdaten bemerken oder vermuten, verpflichten Sie sich, OLDENWORX GMBH unverz\u00fcglich zu benachrichtigen.<br \/>\n(3) Sie verpflichten sich bei Anmeldung \/ Registrierung zur SCC-DOK-16 Pr\u00fcfung eine Aufsichtsperson aus dem betrieblichen Umfeld f\u00fcr den ordnungsgem\u00e4\u00dfen Pr\u00fcfungsablauf verbindlich zu benennen und an den gekennzeichneten Stellen mit den Personaldaten zu hinterlegen. Diese Person wird durch OLDENWORX GMBH mit der Kontrolle des korrekten Pr\u00fcfungsablauf beauftragt. Sie verpflichtet sich w\u00e4hrend der Online-Pr\u00fcfung pr\u00e4sent zu sein. Dies ist Voraussetzung f\u00fcr die Pr\u00fcfungsfreigabe. Die technischen Voraussetzungen werden durch das Online-Portal zur Verf\u00fcgung gestellt.<br \/>\n1. Lockdown-Shell (Kommunikation im Hintergrund wird unterbunden; Browser quasi eingefroren; Emaildienste\/Chatr\u00e4ume k\u00f6nnen nicht ge\u00f6ffnet werden)<br \/>\n2. SSL Verschl\u00fcsselung<br \/>\n3. Pr\u00fcfungszeitfenster (nur in diesem Fenster kann die Pr\u00fcfung abgelegt werden, i. d. R. w\u00e4hrend der \u00fcblichen Gesch\u00e4ftszeiten)<br \/>\n4. Vergabe mehrstufiger Eingabecodes<br \/>\n5. Begrenzung der Pru\u0308fungsdurchfu\u0308hrung (keine Wiederholbarkeit z. B. durch Neustart mit gleichen Pr\u00fcfungsfragen. Die maximale Bearbeitungszeit pro Pr\u00fcfungsintervall betr\u00e4gt exakt 60 Minuten)<br \/>\nDie Identit\u00e4t des Pr\u00fcfungskandidaten wird durch die benannte Aufsicht best\u00e4tigt. OLDENWORX GMBH dokumentiert dies in der Pr\u00fcfungsdurchf\u00fchrung. Bei Zuwiderhandlung entf\u00e4llt die G\u00fcltigkeit des Zertifikates mit sofortiger Wirkung. OLDENWORX GMBH beh\u00e4lt sich in diesem Fall rechtliche Schritte vor.<br \/>\n\u00a7 7 Vorzeitige Beendigung der Nutzungsberechtigung<br \/>\n(1) Sie k\u00f6nnen die Nutzung des OLDENWORX GMBH-Angebotes jederzeit ohne Angabe von Gr\u00fcnden beenden, indem Sie Ihren Entschluss OLDENWORX GMBH bekannt geben. Die Entgeltanspr\u00fcche von OLDENWORX GMBH l\u00e4sst dies unber\u00fchrt.<br \/>\n(2) OLDENWORX GMBH kann den Zugang zu den dok-16-Materialien in Teilen oder g\u00e4nzlich aussetzen oder Ihre Nutzungsberechtigung beenden, wenn die dok-16-Materialien durch Sie oder in durch Sie zu verantwortender Weise durch Dritte in einer Weise genutzt werden, die gegen die Nutzungsbedingungen versto\u00dfen..<br \/>\n\u00a7 8 Mangel- und Produkthaftung<br \/>\n(1) Es wird darauf hingewiesen, dass Software nie vollst\u00e4ndig fehlerfrei erstellt werden kann. OLDENWORX GMBH kann insoweit nicht gew\u00e4hrleisten, dass die Leistungserbringung unter allen Hard- und Softwarekonstellationen (\u201eSystemkonfigurationen\u201c), insbesondere unter Verwendung unterschiedlicher Internet-Browser, stets fehler- und unterbrechungsfrei l\u00e4uft und s\u00e4mtliche Fehler behebbar sind oder behoben werden. Insoweit ist keine absolut fehlerfreie Leistung geschuldet. OLDENWORX GMBH erbringt die Leistung vielmehr so, dass sie unter den verbreitetsten Systemkonfigurationen verwendbar ist. Unter unterschiedlichen Systemkonfigurationen kann das Erscheinungsbild der Leistungen aber unterschiedlich ausfallen, was unvermeidlich ist und keinen Mangel darstellt.<br \/>\n(2) Im Falle ganz oder teilweise mangelhafter Leistung durch OLDENWORX GMBH steht Ihnen ein Anspruch auf Nachbesserung zu. Schl\u00e4gt die Nachbesserung dreimal fehl, so haben Sie wahlweise ein Recht auf Herabsetzung des Preises (Minderung) in angemessener Weise oder R\u00fccktritt. Die Minderung erfolgt in dem Umfang, in dem der Zweck des Vertrages beeintr\u00e4chtigt wurde (maximal in H\u00f6he des Preises der Leistung). Weitergehende Anspr\u00fcche sind ausgeschlossen.<br \/>\n(3) Soweit es sich um offensichtliche Fehler handelt, sind M\u00e4ngelr\u00fcgen OLDENWORX GMBH innerhalb von 14 Tagen ab Erbringung der jeweiligen Leistung schriftlich mitzuteilen. Erfolgt keine rechtzeitige Mitteilung, sind jegliche Anspr\u00fcche ausgeschlossen. Die Verj\u00e4hrungsfrist f\u00fcr alle Anspr\u00fcche, auch auf Schadensersatz, betr\u00e4gt bei offensichtlichen M\u00e4ngeln drei Monate.<br \/>\n(4) F\u00e4llt die Leistungserbringung aus Gr\u00fcnden aus, die OLDENWORX GMBH nicht zu vertreten hat, insbesondere wegen h\u00f6herer Gewalt, Streiks, aufgrund \u00c4nderungen gesetzlicher Bestimmungen, St\u00f6rungen aus dem Verantwortungsbereich von Dritten (z. B. Netzbetreiber oder vergleichbare Leistungsanbieter) oder aus vergleichbaren Gr\u00fcnden, so wird die Durchf\u00fchrung der Leistungen nach M\u00f6glichkeit nachgeholt. Wird durch die vorgenannten Umst\u00e4nde die Leistung unm\u00f6glich, so wird OLDENWORX GMBH von der Leistungspflicht frei. Die vertraglichen Anspr\u00fcche von OLDENWORX GMBH l\u00e4sst dies unber\u00fchrt. Wenn die Behinderung l\u00e4nger als zwei Monate dauert, sind Sie nach angemessener Nachfristsetzung berechtigt, hinsichtlich des noch nicht erf\u00fcllten Teils vom Vertrag zur\u00fcckzutreten.<br \/>\n(5) Die Haftung f\u00fcr Datenverlust wird auf den typischen Wiederherstellungsaufwand beschr\u00e4nkt, der bei regelm\u00e4\u00dfiger und gefahrentsprechender Anfertigung von Sicherungskopien eingetreten w\u00e4re.<br \/>\n(6) Zu Schadensersatz, gleich aus welchem Rechtsgrund, ist OLDENWORX GMBH nur verpflichtet, soweit OLDENWORX GMBH, deren Mitarbeitern oder deren Erf\u00fcllungsgehilfen Vorsatz oder grobe Fahrl\u00e4ssigkeit zur Last fallen und nur bis zu einem Gesamtbetrag in H\u00f6he des Auftragswertes der jeweiligen Einzelleistung.<br \/>\n(7) Bei leichter Fahrl\u00e4ssigkeit haftet OLDENWORX GMBH nur, soweit es sich um eine den Vertragszweck gef\u00e4hrdende Verletzung vertragswesentlicher Pflichten handelt. Als vertragswesentliche Pflichten sind solche Pflichten anzusehen, deren Erf\u00fcllung die ordnungsgem\u00e4\u00dfe Durchf\u00fchrung des Vertrages \u00fcberhaupt erst erm\u00f6glicht, deren Verletzung die Erreichung des Vertragszwecks gef\u00e4hrdet und auf deren Einhaltung Sie regelm\u00e4\u00dfig vertrauen d\u00fcrfen. In diesem Fall ist die Haftung auf typische bei Vertragsschluss vorhersehbare Sch\u00e4den begrenzt.<br \/>\n(8) Soweit Sie Unternehmer sind, ist die Haftung von OLDENWORX GMBH f\u00fcr grobes Verschulden ihrer Erf\u00fcllungsgehilfen beschr\u00e4nkt auf Ersatz von Sch\u00e4den aus der Verletzung wesentlicher Vertragspflichten. Als wesentliche Vertragspflichten sind solche Pflichten anzusehen, deren Erf\u00fcllung die ordnungsgem\u00e4\u00dfe Durchf\u00fchrung des Vertrages \u00fcberhaupt erst erm\u00f6glicht, deren Verletzung die Erreichung des Vertragszwecks gef\u00e4hrdet und auf deren Einhaltung Sie regelm\u00e4\u00dfig vertrauen d\u00fcrfen. Des Weiteren ist die Haftung auf Ersatz des typisch vorhersehbaren Schadens begrenzt.<br \/>\n(9) Im Falle h\u00f6herer Gewalt sind s\u00e4mtliche Schadensersatz- und Sachmangelhaftungsanspr\u00fcche ausgeschlossen.<br \/>\n(10) Vorstehende Haftungsbeschr\u00e4nkungen und Verj\u00e4hrungsregeln gelten nicht f\u00fcr Anspr\u00fcche nach dem Produkthaftungsgesetz, f\u00fcr auf arglistiges Verschweigen eines Mangels oder Fehlen einer zugesicherten Eigenschaft beruhende Anspr\u00fcche sowie f\u00fcr Anspr\u00fcche aus der Verletzung von K\u00f6rper, Leben und Gesundheit. Soweit die Haftung ausgeschlossen oder beschr\u00e4nkt ist, gilt dies auch f\u00fcr die pers\u00f6nliche Haftung der gesetzlichen Vertreter, leitenden Angestellten und sonstigen Erf\u00fcllungsgehilfen von OLDENWORX GMBH.<br \/>\n\u00a7 9 Bekanntmachungen<br \/>\nOLDENWORX GMBH nutzt f\u00fcr Bekanntmachungen an Sie E-Mail, Postings im Bereich des OLDENWORX GMBH-Angebots oder konventionelle Briefpost. Bekanntmachungen durch OLDENWORX GMBH gelten von dem Tag an, an dem OLDENWORX GMBH zureichende Anstrengungen unternommen hat, Sie zu erreichen. Sie k\u00f6nnen OLDENWORX GMBH wie in Paragraph 1 beschrieben erreichen. Ihre Mitteilungen an OLDENWORX GMBH sind g\u00fcltig mit dem Tag, an dem OLDENWORX GMBH die Mitteilung erh\u00e4lt.<br \/>\n\u00a7 10 Datenschutz<br \/>\n(1) Ihren Namen, Ihre Anschrift sowie alle f\u00fcr die Leistungserbringung erforderlichen Daten werden in automatisierten Dateien gespeichert.<br \/>\nSoweit dies zur Leistungserbringung erforderlich ist, wird OLDENWORX GMBH die vorstehend benannten Daten auch an verbundene Unternehmen und\/oder mit der Leistungserbringung beauftragte Dritte \u2013 beispielsweise das die Zertifizierung best\u00e4tigende Unternehmen \u2013 weitergeben.<br \/>\nDar\u00fcber hinaus wird OLDENWORX GMBH die Pr\u00fcfungsergebnisse ihren jeweiligen Auftraggebern\/Kontraktoren (z. B. ggf. Ihrem Arbeitgeber) zur Verf\u00fcgung stellen.<br \/>\n\u00a7 11 Sonstiges<br \/>\n(1) Gerichtsstand f\u00fcr alle Streitigkeiten ist Oldenburg, wenn Sie Kaufmann, juristische Person des \u00f6ffentlichen Rechts oder \u00f6ffentlich-rechtliches Sonderverm\u00f6gen sind. Das gilt auch, wenn Sie im Inland keinen allgemeinen Gerichtsstand haben oder ihr Wohnsitz unbekannt oder im Ausland ist.<br \/>\n(2) Sollten eine oder mehrere der in diesen AGB getroffenen Regelungen unwirksam sein oder werden, bleibt davon die Wirksamkeit der \u00fcbrigen Regelungen unber\u00fchrt. An die Stelle der unwirksamen Bestimmungen treten die gesetzlichen Vorschriften, soweit nicht die Parteien eine Einigung herbeif\u00fchren, die den durch die unwirksame Bestimmung beabsichtigten Zweck erreicht.<\/p>\n<\/div><\/section><\/div>\n","protected":false},"excerpt":{"rendered":"","protected":false},"author":1,"featured_media":0,"parent":0,"menu_order":0,"comment_status":"closed","ping_status":"closed","template":"","meta":{"inline_featured_image":false,"footnotes":""},"class_list":["post-113","page","type-page","status-publish","hentry"],"jetpack_sharing_enabled":true,"_links":{"self":[{"href":"https:\/\/scc-scp.de\/index.php\/wp-json\/wp\/v2\/pages\/113","targetHints":{"allow":["GET"]}}],"collection":[{"href":"https:\/\/scc-scp.de\/index.php\/wp-json\/wp\/v2\/pages"}],"about":[{"href":"https:\/\/scc-scp.de\/index.php\/wp-json\/wp\/v2\/types\/page"}],"author":[{"embeddable":true,"href":"https:\/\/scc-scp.de\/index.php\/wp-json\/wp\/v2\/users\/1"}],"replies":[{"embeddable":true,"href":"https:\/\/scc-scp.de\/index.php\/wp-json\/wp\/v2\/comments?post=113"}],"version-history":[{"count":2,"href":"https:\/\/scc-scp.de\/index.php\/wp-json\/wp\/v2\/pages\/113\/revisions"}],"predecessor-version":[{"id":115,"href":"https:\/\/scc-scp.de\/index.php\/wp-json\/wp\/v2\/pages\/113\/revisions\/115"}],"wp:attachment":[{"href":"https:\/\/scc-scp.de\/index.php\/wp-json\/wp\/v2\/media?parent=113"}],"curies":[{"name":"wp","href":"https:\/\/api.w.org\/{rel}","templated":true}]}}